{"id":296,"date":"2020-01-05T21:47:53","date_gmt":"2020-01-05T21:47:53","guid":{"rendered":"http:\/\/mateusz.marciniak.art\/?page_id=296"},"modified":"2020-05-20T15:53:00","modified_gmt":"2020-05-20T15:53:00","slug":"gory","status":"publish","type":"page","link":"https:\/\/mateusz.marciniak.art\/index.php\/gory\/","title":{"rendered":"G\u00f3ry"},"content":{"rendered":"\t\t<div data-elementor-type=\"wp-page\" data-elementor-id=\"296\" class=\"elementor elementor-296\">\n\t\t\t\t\t\t<section class=\"elementor-section elementor-top-section elementor-element elementor-element-b666e0a elementor-section-boxed elementor-section-height-default elementor-section-height-default\" data-id=\"b666e0a\" data-element_type=\"section\">\n\t\t\t\t\t\t<div class=\"elementor-container elementor-column-gap-default\">\n\t\t\t\t\t<div class=\"elementor-column elementor-col-100 elementor-top-column elementor-element elementor-element-b6240c4\" data-id=\"b6240c4\" data-element_type=\"column\">\n\t\t\t<div class=\"elementor-widget-wrap elementor-element-populated\">\n\t\t\t\t\t\t<div class=\"elementor-element elementor-element-98264d3 elementor-widget elementor-widget-heading\" data-id=\"98264d3\" data-element_type=\"widget\" data-widget_type=\"heading.default\">\n\t\t\t\t<div class=\"elementor-widget-container\">\n\t\t\t<h3 class=\"elementor-heading-title elementor-size-default\">Strona w budowie. Nied\u0142ugo co\u015b tu si\u0119 pojawi.<\/h3>\t\t<\/div>\n\t\t\t\t<\/div>\n\t\t\t\t\t<\/div>\n\t\t<\/div>\n\t\t\t\t\t<\/div>\n\t\t<\/section>\n\t\t\t\t<section class=\"elementor-section elementor-top-section elementor-element elementor-element-bc6603f elementor-section-boxed elementor-section-height-default elementor-section-height-default\" data-id=\"bc6603f\" data-element_type=\"section\">\n\t\t\t\t\t\t<div class=\"elementor-container elementor-column-gap-default\">\n\t\t\t\t\t<div class=\"elementor-column elementor-col-100 elementor-top-column elementor-element elementor-element-67ffdef\" data-id=\"67ffdef\" data-element_type=\"column\">\n\t\t\t<div class=\"elementor-widget-wrap\">\n\t\t\t\t\t\t\t<\/div>\n\t\t<\/div>\n\t\t\t\t\t<\/div>\n\t\t<\/section>\n\t\t\t\t<\/div>\n\t\t","protected":false},"excerpt":{"rendered":"<p>Strona w budowie. Nied\u0142ugo co\u015b tu si\u0119 pojawi.<\/p>\n","protected":false},"author":1,"featured_media":0,"parent":0,"menu_order":0,"comment_status":"closed","ping_status":"closed","template":"","meta":{"_uag_custom_page_level_css":"","footnotes":""},"uagb_featured_image_src":{"full":false,"thumbnail":false,"medium":false,"medium_large":false,"large":false,"1536x1536":false,"2048x2048":false},"uagb_author_info":{"display_name":"pawel6mgmail.com","author_link":"https:\/\/mateusz.marciniak.art\/index.php\/author\/pawel6mgmail-com\/"},"uagb_comment_info":0,"uagb_excerpt":"Strona w budowie. Nied\u0142ugo co\u015b tu si\u0119 pojawi.","_links":{"self":[{"href":"https:\/\/mateusz.marciniak.art\/index.php\/wp-json\/wp\/v2\/pages\/296"}],"collection":[{"href":"https:\/\/mateusz.marciniak.art\/index.php\/wp-json\/wp\/v2\/pages"}],"about":[{"href":"https:\/\/mateusz.marciniak.art\/index.php\/wp-json\/wp\/v2\/types\/page"}],"author":[{"embeddable":true,"href":"https:\/\/mateusz.marciniak.art\/index.php\/wp-json\/wp\/v2\/users\/1"}],"replies":[{"embeddable":true,"href":"https:\/\/mateusz.marciniak.art\/index.php\/wp-json\/wp\/v2\/comments?post=296"}],"version-history":[{"count":5,"href":"https:\/\/mateusz.marciniak.art\/index.php\/wp-json\/wp\/v2\/pages\/296\/revisions"}],"predecessor-version":[{"id":336,"href":"https:\/\/mateusz.marciniak.art\/index.php\/wp-json\/wp\/v2\/pages\/296\/revisions\/336"}],"wp:attachment":[{"href":"https:\/\/mateusz.marciniak.art\/index.php\/wp-json\/wp\/v2\/media?parent=296"}],"curies":[{"name":"wp","href":"https:\/\/api.w.org\/{rel}","templated":true}]}}